{"id":5574,"date":"2022-02-08T17:10:22","date_gmt":"2022-02-08T17:10:22","guid":{"rendered":"http:\/\/216.158.92.118\/?page_id=5574"},"modified":"2023-08-02T13:10:44","modified_gmt":"2023-08-02T13:10:44","slug":"contacto","status":"publish","type":"page","link":"https:\/\/juntadegobierno.uabc.mx\/?page_id=5574","title":{"rendered":"UABC &#8211; Junta de Gobierno &#8211; Contacto"},"content":{"rendered":"\t\t<div data-elementor-type=\"wp-page\" data-elementor-id=\"5574\" class=\"elementor elementor-5574\" data-elementor-settings=\"[]\">\n\t\t\t\t\t\t\t<div class=\"elementor-section-wrap\">\n\t\t\t\t\t\t\t<section class=\"elementor-section elementor-top-section elementor-element elementor-element-143f48a elementor-section-boxed elementor-section-height-default elementor-section-height-default\" data-id=\"143f48a\" data-element_type=\"section\">\n\t\t\t\t\t\t\t<div class=\"elementor-background-overlay\"><\/div>\n\t\t\t\t\t\t\t<div class=\"elementor-container elementor-column-gap-default\">\n\t\t\t\t\t<div class=\"elementor-column elementor-col-100 elementor-top-column elementor-element elementor-element-483253e\" data-id=\"483253e\" data-element_type=\"column\">\n\t\t\t<div class=\"elementor-widget-wrap elementor-element-populated\">\n\t\t\t\t\t\t\t\t<section class=\"elementor-section elementor-inner-section elementor-element elementor-element-8bd0d5e elementor-section-full_width elementor-section-height-default elementor-section-height-default\" data-id=\"8bd0d5e\" data-element_type=\"section\">\n\t\t\t\t\t\t\t<div class=\"elementor-background-overlay\"><\/div>\n\t\t\t\t\t\t\t<div class=\"elementor-container elementor-column-gap-default\">\n\t\t\t\t\t<div class=\"elementor-column elementor-col-100 elementor-inner-column elementor-element elementor-element-3cdad22\" data-id=\"3cdad22\" data-element_type=\"column\">\n\t\t\t<div class=\"elementor-widget-wrap elementor-element-populated\">\n\t\t\t\t\t\t\t\t<div class=\"elementor-element elementor-element-7972c09 elementor-widget elementor-widget-heading\" data-id=\"7972c09\" data-element_type=\"widget\" data-widget_type=\"heading.default\">\n\t\t\t\t<div class=\"elementor-widget-container\">\n\t\t\t<h2 class=\"elementor-heading-title elementor-size-default\">Cont\u00e1ctanos<\/h2>\t\t<\/div>\n\t\t\t\t<\/div>\n\t\t\t\t<div class=\"elementor-element elementor-element-e3f1689 elementor-widget elementor-widget-text-editor\" data-id=\"e3f1689\" data-element_type=\"widget\" data-widget_type=\"text-editor.default\">\n\t\t\t\t<div class=\"elementor-widget-container\">\n\t\t\t\t\t\t\t\t<p><strong>Correo:<a href=\"mailto:juntadegobierno@uabc.edu.mx\"> juntadegobierno@uabc.edu.mx<\/a><\/strong><\/p><p><strong>Domicilio:<\/strong> Edificio de Investigaci\u00f3n y Posgrado, segundo piso, Unidad Universitaria Mexicali, Boulevard Benito Ju\u00e1rez s\/n, Col. Insurgentes Este, Mexicali, B.C., C.P. 21280<\/p><p><strong>Tel\u00e9fono:<\/strong> (686) 566 2969<\/p><p><strong>Horario:<\/strong> Lunes a Viernes de 9:00 a 14:00 y de 16:00 a 19:00 hrs<\/p>\t\t\t\t\t\t<\/div>\n\t\t\t\t<\/div>\n\t\t\t\t\t<\/div>\n\t\t<\/div>\n\t\t\t\t\t\t\t<\/div>\n\t\t<\/section>\n\t\t\t\t<div class=\"elementor-element elementor-element-72626e0 elementor-widget elementor-widget-google_maps\" data-id=\"72626e0\" data-element_type=\"widget\" data-widget_type=\"google_maps.default\">\n\t\t\t\t<div class=\"elementor-widget-container\">\n\t\t\t<div class=\"elementor-custom-embed\"><iframe frameborder=\"0\" scrolling=\"no\" marginheight=\"0\" marginwidth=\"0\" src=\"https:\/\/maps.google.com\/maps?q=Universidad%20Aut%C3%B3noma%20de%20Baja%20California%3A%20Vicerrector%C3%ADa%20Campus%20Mexicali&amp;t=m&amp;z=17&amp;output=embed&amp;iwloc=near\" title=\"Universidad Aut\u00f3noma de Baja California: Vicerrector\u00eda Campus Mexicali\" aria-label=\"Universidad Aut\u00f3noma de Baja California: Vicerrector\u00eda Campus Mexicali\"><\/iframe><\/div>\t\t<\/div>\n\t\t\t\t<\/div>\n\t\t\t\t\t<\/div>\n\t\t<\/div>\n\t\t\t\t\t\t\t<\/div>\n\t\t<\/section>\n\t\t\t\t\t\t<\/div>\n\t\t\t\t\t<\/div>\n\t\t","protected":false},"excerpt":{"rendered":"<p>Cont\u00e1ctanos Correo: juntadegobierno@uabc.edu.mx Domicilio: Edificio de Investigaci\u00f3n y Posgrado, segundo piso, Unidad Universitaria Mexicali, Boulevard Benito Ju\u00e1rez s\/n, Col. Insurgentes Este, Mexicali, B.C., C.P. 21280 Tel\u00e9fono: (686) 566 2969 Horario: Lunes a Viernes de 9:00 a 14:00 y de 16:00 a 19:00 hrs<\/p>\n","protected":false},"author":1,"featured_media":0,"parent":0,"menu_order":0,"comment_status":"closed","ping_status":"closed","template":"","meta":[],"rttpg_featured_image_url":null,"rttpg_author":{"display_name":"admin","author_link":"https:\/\/juntadegobierno.uabc.mx\/?author=1"},"rttpg_comment":0,"rttpg_category":null,"rttpg_excerpt":"Cont\u00e1ctanos Correo: juntadegobierno@uabc.edu.mx Domicilio: Edificio de Investigaci\u00f3n y Posgrado, segundo piso, Unidad Universitaria Mexicali, Boulevard Benito Ju\u00e1rez s\/n, Col. Insurgentes Este, Mexicali, B.C., C.P. 21280 Tel\u00e9fono: (686) 566 2969 Horario: Lunes a Viernes de 9:00 a 14:00 y de 16:00 a 19:00 hrs","_links":{"self":[{"href":"https:\/\/juntadegobierno.uabc.mx\/index.php?rest_route=\/wp\/v2\/pages\/5574"}],"collection":[{"href":"https:\/\/juntadegobierno.uabc.mx\/index.php?rest_route=\/wp\/v2\/pages"}],"about":[{"href":"https:\/\/juntadegobierno.uabc.mx\/index.php?rest_route=\/wp\/v2\/types\/page"}],"author":[{"embeddable":true,"href":"https:\/\/juntadegobierno.uabc.mx\/index.php?rest_route=\/wp\/v2\/users\/1"}],"replies":[{"embeddable":true,"href":"https:\/\/juntadegobierno.uabc.mx\/index.php?rest_route=%2Fwp%2Fv2%2Fcomments&post=5574"}],"version-history":[{"count":0,"href":"https:\/\/juntadegobierno.uabc.mx\/index.php?rest_route=\/wp\/v2\/pages\/5574\/revisions"}],"wp:attachment":[{"href":"https:\/\/juntadegobierno.uabc.mx\/index.php?rest_route=%2Fwp%2Fv2%2Fmedia&parent=5574"}],"curies":[{"name":"wp","href":"https:\/\/api.w.org\/{rel}","templated":true}]}}