{"id":6779,"date":"2022-02-08T16:44:38","date_gmt":"2022-02-08T16:44:38","guid":{"rendered":"http:\/\/216.158.92.118\/?page_id=6779"},"modified":"2023-08-02T12:35:33","modified_gmt":"2023-08-02T12:35:33","slug":"nombramientos-rector-convocatoria-foros","status":"publish","type":"page","link":"https:\/\/juntadegobierno.uabc.mx\/?page_id=6779","title":{"rendered":"UABC &#8211; Junta de Gobierno &#8211; Nombramientos &#8211; Convocatoria Foros"},"content":{"rendered":"\t\t<div data-elementor-type=\"wp-page\" data-elementor-id=\"6779\" class=\"elementor elementor-6779\" data-elementor-settings=\"[]\">\n\t\t\t\t\t\t\t<div class=\"elementor-section-wrap\">\n\t\t\t\t\t\t\t<section class=\"elementor-section elementor-top-section elementor-element elementor-element-900cdb3 elementor-section-boxed elementor-section-height-default elementor-section-height-default\" data-id=\"900cdb3\" data-element_type=\"section\">\n\t\t\t\t\t\t\t<div class=\"elementor-background-overlay\"><\/div>\n\t\t\t\t\t\t\t<div class=\"elementor-container elementor-column-gap-default\">\n\t\t\t\t\t<div class=\"elementor-column elementor-col-100 elementor-top-column elementor-element elementor-element-4022230\" data-id=\"4022230\" data-element_type=\"column\">\n\t\t\t<div class=\"elementor-widget-wrap elementor-element-populated\">\n\t\t\t\t\t\t\t\t<section class=\"elementor-section elementor-inner-section elementor-element elementor-element-c224787 elementor-section-boxed elementor-section-height-default elementor-section-height-default\" data-id=\"c224787\" data-element_type=\"section\">\n\t\t\t\t\t\t<div class=\"elementor-container elementor-column-gap-default\">\n\t\t\t\t\t<div class=\"elementor-column elementor-col-100 elementor-inner-column elementor-element elementor-element-162261d\" data-id=\"162261d\" data-element_type=\"column\">\n\t\t\t<div class=\"elementor-widget-wrap elementor-element-populated\">\n\t\t\t\t\t\t\t\t<div class=\"elementor-element elementor-element-9dd0f06 elementor-widget elementor-widget-heading\" data-id=\"9dd0f06\" data-element_type=\"widget\" data-widget_type=\"heading.default\">\n\t\t\t\t<div class=\"elementor-widget-container\">\n\t\t\t<h2 class=\"elementor-heading-title elementor-size-default\">Convocatoria a Foros de Consulta<\/h2>\t\t<\/div>\n\t\t\t\t<\/div>\n\t\t\t\t<div class=\"elementor-element elementor-element-4ac19c4 elementor-widget elementor-widget-text-editor\" data-id=\"4ac19c4\" data-element_type=\"widget\" data-widget_type=\"text-editor.default\">\n\t\t\t\t<div class=\"elementor-widget-container\">\n\t\t\t\t\t\t\t\t<p class=\"text-center\" style=\"text-align: center;\"><span style=\"font-size: x-large;\">INVITACI\u00d3N A LA COMUNIDAD UNIVERSITARIA<\/span><\/p><p class=\"text-center\">De acuerdo con lo estipulado en la Ley Org\u00e1nica de la Universidad Aut\u00f3noma de Baja California, art\u00edculo 22 fracci\u00f3n I, es competencia de la Junta de Gobierno explorar en la forma que estime prudente, la opini\u00f3n de los universitarios como parte del proceso para nombrar a quien ocupar\u00e1 el cargo de Rector o Rectora.<\/p><p class=\"text-center\">\u00a0Por tal motivo, la Junta de Gobierno invita a la comunidad universitaria a participar en los Foros de Consulta. Estos foros tienen el prop\u00f3sito de recabar informaci\u00f3n que contribuya a la definici\u00f3n de los temas estrat\u00e9gicos para la universidad en la pr\u00f3xima gesti\u00f3n rectoral correspondiente al per\u00edodo 2023-2027.<\/p><p class=\"text-center\">Los Foros se llevar\u00e1n a cabo de acuerdo con el siguiente calendario:<\/p><p class=\"text-center\" style=\"text-align: center;\">\u2022 Mexicali, 3 de octubre<\/p><p class=\"text-center\" style=\"text-align: center;\">\u00a0\u2022 Tijuana, 5 de octubre<\/p><p class=\"text-center\" style=\"text-align: center;\">\u00a0\u2022 Ensenada, 7 de octubre<\/p><p style=\"text-align: center;\"><strong>LOS FOROS DE CONSULTA SE TRANSMITIR\u00c1N POR IMAGEN UABC.TV<\/strong><\/p><p style=\"text-align: center;\">\u00a0<\/p><p class=\"text-left\"><strong>\u00a0BASES\u00a0<\/strong><\/p><p class=\"text-left\">\u00a01. La organizaci\u00f3n de los foros gira en torno a los siguientes temas estrat\u00e9gicos a atender en el per\u00edodo 2023-2027:<\/p><p class=\"text-center\">\u00a0(PROPUESTA DE TEMAS A DISCUTIR)<\/p><p class=\"text-left\">\u00a0a) Docencia<\/p><p class=\"text-left\">\u00a0b) Posgrado<\/p><p class=\"text-left\">\u00a0c) Investigaci\u00f3n<\/p><p class=\"text-left\">\u00a0d) Extensi\u00f3n<\/p><p class=\"text-left\">\u00a0e) Vinculaci\u00f3n<\/p><p class=\"text-left\">\u00a0f) Inserci\u00f3n laboral<\/p><p class=\"text-left\">\u00a0g) Gobierno y gesti\u00f3n<\/p><p class=\"text-left\">\u00a0h) Pol\u00edticas educativas<\/p><p class=\"text-left\">\u00a0i) Derechos humanos<\/p><p class=\"text-left\">\u00a0j) Internacionalizaci\u00f3n<\/p><p class=\"text-left\">\u00a0k) Responsabilidad social<\/p><p class=\"text-left\">\u00a0l) Infraestructura y equipamiento<\/p><p class=\"text-left\">\u00a0m) Otros<\/p><p class=\"text-left\">\u00a02. Las contribuciones deber\u00e1n ser registradas conforme a lo siguiente:<\/p><p class=\"text-left\">\u00a0\u2022 Nombre del autor o autores<\/p><p class=\"text-left\">\u00a0\u2022 Unidad de adscripci\u00f3n<\/p><p class=\"text-left\">\u00a0\u2022 Correo electr\u00f3nico de contacto<\/p><p class=\"text-left\">\u00a0\u2022 Tema(s) en los que se inscribe<\/p><p class=\"text-left\">\u00a0\u2022 Extensi\u00f3n m\u00e1xima de cinco cuartillas (letra de 12 puntos y 1.5 de interlineado), en formato PDF y tama\u00f1o de archivo m\u00e1ximo de 2mb.<\/p><p class=\"text-left\">\u00a0\u2022 Subir el archivo al sitio http:\/\/www.uabc.mx\/juntadegobierno\/ a m\u00e1s tardar el 21 de septiembre de 2022 a las 18:00 horas.<\/p><p class=\"text-left\">\u00a03.- Adem\u00e1s de registrar su propuesta, cada participante tendr\u00e1 hasta diez minutos para realizar su exposici\u00f3n presencial en caso de optar por esta modalidad o documental. Los integrantes de la Junta de Gobierno si lo consideran conveniente abrir\u00e1n un espacio para el intercambio de ideas.<\/p><p class=\"text-left\">\u00a04. Todo lo no previsto en la presente invitaci\u00f3n ser\u00e1 resuelto por la Mesa Directiva de la Junta de Gobierno o por el pleno de dicho \u00f3rgano en aquellos casos que la Presidencia considere necesario.<\/p>\t\t\t\t\t\t<\/div>\n\t\t\t\t<\/div>\n\t\t\t\t\t<\/div>\n\t\t<\/div>\n\t\t\t\t\t\t\t<\/div>\n\t\t<\/section>\n\t\t\t\t\t<\/div>\n\t\t<\/div>\n\t\t\t\t\t\t\t<\/div>\n\t\t<\/section>\n\t\t\t\t\t\t<\/div>\n\t\t\t\t\t<\/div>\n\t\t","protected":false},"excerpt":{"rendered":"<p>Convocatoria a Foros de Consulta INVITACI\u00d3N A LA COMUNIDAD UNIVERSITARIA De acuerdo con lo estipulado en la Ley Org\u00e1nica de la Universidad Aut\u00f3noma de Baja California, art\u00edculo 22 fracci\u00f3n I, es competencia de la Junta de Gobierno explorar en la forma que estime prudente, la opini\u00f3n de los universitarios como parte del proceso para nombrar &hellip;<\/p>\n<p class=\"read-more\"> <a class=\"\" href=\"https:\/\/juntadegobierno.uabc.mx\/?page_id=6779\"> <span class=\"screen-reader-text\">UABC &#8211; Junta de Gobierno &#8211; Nombramientos &#8211; Convocatoria Foros<\/span> Read More \u00bb<\/a><\/p>\n","protected":false},"author":1,"featured_media":0,"parent":0,"menu_order":0,"comment_status":"closed","ping_status":"closed","template":"","meta":[],"rttpg_featured_image_url":null,"rttpg_author":{"display_name":"admin","author_link":"https:\/\/juntadegobierno.uabc.mx\/?author=1"},"rttpg_comment":0,"rttpg_category":null,"rttpg_excerpt":"Convocatoria a Foros de Consulta INVITACI\u00d3N A LA COMUNIDAD UNIVERSITARIA De acuerdo con lo estipulado en la Ley Org\u00e1nica de la Universidad Aut\u00f3noma de Baja California, art\u00edculo 22 fracci\u00f3n I, es competencia de la Junta de Gobierno explorar en la forma que estime prudente, la opini\u00f3n de los universitarios como parte del proceso para nombrar&hellip;","_links":{"self":[{"href":"https:\/\/juntadegobierno.uabc.mx\/index.php?rest_route=\/wp\/v2\/pages\/6779"}],"collection":[{"href":"https:\/\/juntadegobierno.uabc.mx\/index.php?rest_route=\/wp\/v2\/pages"}],"about":[{"href":"https:\/\/juntadegobierno.uabc.mx\/index.php?rest_route=\/wp\/v2\/types\/page"}],"author":[{"embeddable":true,"href":"https:\/\/juntadegobierno.uabc.mx\/index.php?rest_route=\/wp\/v2\/users\/1"}],"replies":[{"embeddable":true,"href":"https:\/\/juntadegobierno.uabc.mx\/index.php?rest_route=%2Fwp%2Fv2%2Fcomments&post=6779"}],"version-history":[{"count":0,"href":"https:\/\/juntadegobierno.uabc.mx\/index.php?rest_route=\/wp\/v2\/pages\/6779\/revisions"}],"wp:attachment":[{"href":"https:\/\/juntadegobierno.uabc.mx\/index.php?rest_route=%2Fwp%2Fv2%2Fmedia&parent=6779"}],"curies":[{"name":"wp","href":"https:\/\/api.w.org\/{rel}","templated":true}]}}