{"id":6874,"date":"2022-02-08T16:44:38","date_gmt":"2022-02-08T16:44:38","guid":{"rendered":"http:\/\/216.158.92.118\/?page_id=6874"},"modified":"2023-08-11T01:18:07","modified_gmt":"2023-08-11T01:18:07","slug":"nombramientos-patronato","status":"publish","type":"page","link":"https:\/\/juntadegobierno.uabc.mx\/?page_id=6874","title":{"rendered":"UABC &#8211; Junta de Gobierno &#8211; Nombramientos &#8211; Patronato"},"content":{"rendered":"\t\t<div data-elementor-type=\"wp-page\" data-elementor-id=\"6874\" class=\"elementor elementor-6874\" data-elementor-settings=\"[]\">\n\t\t\t\t\t\t\t<div class=\"elementor-section-wrap\">\n\t\t\t\t\t\t\t<section class=\"elementor-section elementor-top-section elementor-element elementor-element-900cdb3 elementor-section-boxed elementor-section-height-default elementor-section-height-default\" data-id=\"900cdb3\" data-element_type=\"section\">\n\t\t\t\t\t\t\t<div class=\"elementor-background-overlay\"><\/div>\n\t\t\t\t\t\t\t<div class=\"elementor-container elementor-column-gap-default\">\n\t\t\t\t\t<div class=\"elementor-column elementor-col-100 elementor-top-column elementor-element elementor-element-4022230\" data-id=\"4022230\" data-element_type=\"column\">\n\t\t\t<div class=\"elementor-widget-wrap elementor-element-populated\">\n\t\t\t\t\t\t\t\t<section class=\"elementor-section elementor-inner-section elementor-element elementor-element-c224787 elementor-section-boxed elementor-section-height-default elementor-section-height-default\" data-id=\"c224787\" data-element_type=\"section\">\n\t\t\t\t\t\t<div class=\"elementor-container elementor-column-gap-default\">\n\t\t\t\t\t<div class=\"elementor-column elementor-col-100 elementor-inner-column elementor-element elementor-element-162261d\" data-id=\"162261d\" data-element_type=\"column\">\n\t\t\t<div class=\"elementor-widget-wrap elementor-element-populated\">\n\t\t\t\t\t\t\t\t<div class=\"elementor-element elementor-element-9dd0f06 elementor-widget elementor-widget-heading\" data-id=\"9dd0f06\" data-element_type=\"widget\" data-widget_type=\"heading.default\">\n\t\t\t\t<div class=\"elementor-widget-container\">\n\t\t\t<h2 class=\"elementor-heading-title elementor-size-default\">Patronato<\/h2>\t\t<\/div>\n\t\t\t\t<\/div>\n\t\t\t\t<div class=\"elementor-element elementor-element-9b93051 elementor-widget elementor-widget-text-editor\" data-id=\"9b93051\" data-element_type=\"widget\" data-widget_type=\"text-editor.default\">\n\t\t\t\t<div class=\"elementor-widget-container\">\n\t\t\t\t\t\t\t\t<p>El Patronato Universitario se compone por seis miembros, quienes son electos por mayor\u00eda de votos de los integrantes de la Junta de Gobierno. Los candidatos son propuestos por el gobernador del estado a trav\u00e9s de ternas integradas con ciudadanos de cada uno de los municipios de la entidad. Los nuevos miembros del Patronato durar\u00e1n seis a\u00f1os en el desempe\u00f1o de su cargo, podr\u00e1n ser reelectos y no percibir\u00e1n por este concepto retribuci\u00f3n, ni recompensa econ\u00f3mica.<\/p><p>Para formar parte del Patronato Universitario se requiere ser mexicano por nacimiento o naturalizaci\u00f3n, haber residido en el estado por lo menos 10 a\u00f1os, ser mayor de 35 a\u00f1os de edad y menor de 70 a\u00f1os, tener experiencia en asuntos financieros o de administraci\u00f3n y gozar de estimaci\u00f3n como personas prudentes.<\/p><p>Los miembros del Patronato elegir\u00e1n entre s\u00ed a un presidente, un secretario y dos vocales.<\/p><p>En la sesi\u00f3n de la Junta de Gobierno del 20 de mayo de 2021 fueron elegidos los nuevos integrantes del Patronato Universitario para el periodo 2021-2027:<\/p><p>Por Ensenada: C.P. Adri\u00e1n Olea Mart\u00ednez<br \/>Por Mexicali: Ing. Alan Dennis Gracia<br \/>Por Tecate: Arq. Federico Esquer Mill\u00e1n<br \/>Por Rosarito: Ing. Marco Antonio Esponda Guerrero<br \/>Por Tijuana: Lic. Jos\u00e9 Ramiro C\u00e1rdenas Tejeda<br \/>Por San Quint\u00edn: Ing. William Hedrick Villalobos<\/p><p><a href=\"https:\/\/patronato.uabc.mx\/\" target=\"_blank\" rel=\"noopener\">Acceder al sitio del Patronato Universitario<\/a>.<\/p>\t\t\t\t\t\t<\/div>\n\t\t\t\t<\/div>\n\t\t\t\t\t<\/div>\n\t\t<\/div>\n\t\t\t\t\t\t\t<\/div>\n\t\t<\/section>\n\t\t\t\t\t<\/div>\n\t\t<\/div>\n\t\t\t\t\t\t\t<\/div>\n\t\t<\/section>\n\t\t\t\t\t\t<\/div>\n\t\t\t\t\t<\/div>\n\t\t","protected":false},"excerpt":{"rendered":"<p>Patronato El Patronato Universitario se compone por seis miembros, quienes son electos por mayor\u00eda de votos de los integrantes de la Junta de Gobierno. Los candidatos son propuestos por el gobernador del estado a trav\u00e9s de ternas integradas con ciudadanos de cada uno de los municipios de la entidad. Los nuevos miembros del Patronato durar\u00e1n &hellip;<\/p>\n<p class=\"read-more\"> <a class=\"\" href=\"https:\/\/juntadegobierno.uabc.mx\/?page_id=6874\"> <span class=\"screen-reader-text\">UABC &#8211; Junta de Gobierno &#8211; Nombramientos &#8211; Patronato<\/span> Read More \u00bb<\/a><\/p>\n","protected":false},"author":1,"featured_media":0,"parent":0,"menu_order":0,"comment_status":"closed","ping_status":"closed","template":"","meta":[],"rttpg_featured_image_url":null,"rttpg_author":{"display_name":"admin","author_link":"https:\/\/juntadegobierno.uabc.mx\/?author=1"},"rttpg_comment":0,"rttpg_category":null,"rttpg_excerpt":"Patronato El Patronato Universitario se compone por seis miembros, quienes son electos por mayor\u00eda de votos de los integrantes de la Junta de Gobierno. Los candidatos son propuestos por el gobernador del estado a trav\u00e9s de ternas integradas con ciudadanos de cada uno de los municipios de la entidad. Los nuevos miembros del Patronato durar\u00e1n&hellip;","_links":{"self":[{"href":"https:\/\/juntadegobierno.uabc.mx\/index.php?rest_route=\/wp\/v2\/pages\/6874"}],"collection":[{"href":"https:\/\/juntadegobierno.uabc.mx\/index.php?rest_route=\/wp\/v2\/pages"}],"about":[{"href":"https:\/\/juntadegobierno.uabc.mx\/index.php?rest_route=\/wp\/v2\/types\/page"}],"author":[{"embeddable":true,"href":"https:\/\/juntadegobierno.uabc.mx\/index.php?rest_route=\/wp\/v2\/users\/1"}],"replies":[{"embeddable":true,"href":"https:\/\/juntadegobierno.uabc.mx\/index.php?rest_route=%2Fwp%2Fv2%2Fcomments&post=6874"}],"version-history":[{"count":0,"href":"https:\/\/juntadegobierno.uabc.mx\/index.php?rest_route=\/wp\/v2\/pages\/6874\/revisions"}],"wp:attachment":[{"href":"https:\/\/juntadegobierno.uabc.mx\/index.php?rest_route=%2Fwp%2Fv2%2Fmedia&parent=6874"}],"curies":[{"name":"wp","href":"https:\/\/api.w.org\/{rel}","templated":true}]}}