{"id":6966,"date":"2022-02-08T16:44:38","date_gmt":"2022-02-08T16:44:38","guid":{"rendered":"http:\/\/216.158.92.118\/?page_id=6966"},"modified":"2023-08-02T17:24:32","modified_gmt":"2023-08-02T17:24:32","slug":"noticias","status":"publish","type":"page","link":"https:\/\/juntadegobierno.uabc.mx\/?page_id=6966","title":{"rendered":"UABC &#8211; Junta de Gobierno &#8211; Noticias"},"content":{"rendered":"\t\t<div data-elementor-type=\"wp-page\" data-elementor-id=\"6966\" class=\"elementor elementor-6966\" data-elementor-settings=\"[]\">\n\t\t\t\t\t\t\t<div class=\"elementor-section-wrap\">\n\t\t\t\t\t\t\t<section class=\"elementor-section elementor-top-section elementor-element elementor-element-900cdb3 elementor-section-boxed elementor-section-height-default elementor-section-height-default\" data-id=\"900cdb3\" data-element_type=\"section\">\n\t\t\t\t\t\t\t<div class=\"elementor-background-overlay\"><\/div>\n\t\t\t\t\t\t\t<div class=\"elementor-container elementor-column-gap-default\">\n\t\t\t\t\t<div class=\"elementor-column elementor-col-100 elementor-top-column elementor-element elementor-element-4022230\" data-id=\"4022230\" data-element_type=\"column\">\n\t\t\t<div class=\"elementor-widget-wrap elementor-element-populated\">\n\t\t\t\t\t\t\t\t<div class=\"elementor-element elementor-element-d72130d elementor-widget elementor-widget-shortcode\" data-id=\"d72130d\" data-element_type=\"widget\" data-widget_type=\"shortcode.default\">\n\t\t\t\t<div class=\"elementor-widget-container\">\n\t\t\t\t\t<div class=\"elementor-shortcode\"><style type='text\/css' media='all'>#rt-tpg-container-2199032035 .rt-holder .rt-woo-info .price{color:#0367bf;}body .rt-tpg-container .rt-tpg-isotope-buttons .selected,\n\t\t\t\t\t#rt-tpg-container-2199032035 .layout12 .rt-holder:hover .rt-detail,\n\t\t\t\t\t#rt-tpg-container-2199032035 .isotope8 .rt-holder:hover .rt-detail,\n\t\t\t\t\t#rt-tpg-container-2199032035 .carousel8 .rt-holder:hover .rt-detail,\n\t\t\t\t\t#rt-tpg-container-2199032035 .layout13 .rt-holder .overlay .post-info,\n\t\t\t\t\t#rt-tpg-container-2199032035 .isotope9 .rt-holder .overlay .post-info,\n\t\t\t\t\t#rt-tpg-container-2199032035.rt-tpg-container .layout4 .rt-holder .rt-detail,\n\t\t\t\t\t.rt-modal-2199032035 .md-content,\n\t\t\t\t\t.rt-modal-2199032035 .md-content > .rt-md-content-holder .rt-md-content,\n\t\t\t\t\t.rt-popup-wrap-2199032035.rt-popup-wrap .rt-popup-navigation-wrap,\n\t\t\t\t\t#rt-tpg-container-2199032035 .carousel9 .rt-holder .overlay .post-info{background-color:#0367bf;}#rt-tpg-container-2199032035 .layout5 .rt-holder .overlay, #rt-tpg-container-2199032035 .isotope2 .rt-holder .overlay, #rt-tpg-container-2199032035 .carousel2 .rt-holder .overlay,#rt-tpg-container-2199032035 .layout15 .rt-holder h3, #rt-tpg-container-2199032035 .isotope11 .rt-holder h3, #rt-tpg-container-2199032035 .carousel11 .rt-holder h3, #rt-tpg-container-2199032035 .layout16 .rt-holder h3,\n\t\t\t\t\t#rt-tpg-container-2199032035 .isotope12 .rt-holder h3, #rt-tpg-container-2199032035 .carousel12 .rt-holder h3 {background-color:rgba(3,103,191,0.8);}#rt-tpg-container-2199032035 .read-more a{border-radius:px;}#rt-tpg-container-2199032035 .rt-img-holder img.rt-img-responsive,#rt-tpg-container-2199032035 .rt-img-holder,\n\t\t\t\t\t#rt-tpg-container-2199032035 .rt-post-overlay .post-img,\n\t\t\t\t\t#rt-tpg-container-2199032035 .post-sm .post-img,\n\t\t\t\t\t#rt-tpg-container-2199032035 .rt-post-grid .post-img,\n\t\t\t\t\t#rt-tpg-container-2199032035 .post-img img {border-radius:px;}<\/style><div class='rt-container-fluid rt-tpg-container tpg-shortcode-main-wrapper ' id='rt-tpg-container-2199032035'   data-layout='layout1' data-grid-style='even' data-desktop-col='3'  data-tab-col='2'  data-mobile-col='1' data-sc-id='6971'><div class=\"tpg-widget-heading-wrapper heading-style1 \"><span class=\"tpg-widget-heading-line line-left\"><\/span><h2 class=\"tpg-widget-heading\">Noticias<\/h2><span class=\"tpg-widget-heading-line\"><\/span><\/div><div data-title='Loading ...' class='rt-row rt-content-loader   layout1 tpg-even '><div class=\"rt-col-md-4 rt-col-sm-6 rt-col-xs-12 even-grid-item rt-grid-item\" data-id=\"8755\"><div class=\"rt-holder\"><div class='rt-detail'><h3 class=\"entry-title\"><a data-id=\"8755\" class=\"\" href=\"https:\/\/juntadegobierno.uabc.mx\/?p=8755\">Hay nueva directiva de la Junta de Gobierno de la UABC<\/a><\/h3><div class='tpg-excerpt'>El maestro Jos\u00e9 de Jes\u00fas D\u00edaz de la Torre se integra al \u00f3rgano colegiado. Por:...<\/div><\/div><\/div><\/div><div class=\"rt-col-md-4 rt-col-sm-6 rt-col-xs-12 even-grid-item rt-grid-item\" data-id=\"8245\"><div class=\"rt-holder\"><div class='rt-detail'><h3 class=\"entry-title\"><a data-id=\"8245\" class=\"\" href=\"https:\/\/juntadegobierno.uabc.mx\/?p=8245\">La Junta de Gobierno dio nombramientos y tom\u00f3 protesta a integrantes<\/a><\/h3><div class='tpg-excerpt'>Se ratific\u00f3 a la doctora Lilia Mart\u00ednez Lobatos como presidenta de la Junta de Gobierno...<\/div><\/div><\/div><\/div><div class=\"rt-col-md-4 rt-col-sm-6 rt-col-xs-12 even-grid-item rt-grid-item\" data-id=\"8228\"><div class=\"rt-holder\"><div class='rt-detail'><h3 class=\"entry-title\"><a data-id=\"8228\" class=\"\" href=\"https:\/\/juntadegobierno.uabc.mx\/?p=8228\">Destacado investigador habl\u00f3 sobre gobernanza y desempe\u00f1o institucional en seminario de la UABC<\/a><\/h3><div class='tpg-excerpt'>El doctor Adri\u00e1n Acosta imparti\u00f3 una conferencia virtual como parte del evento organizado por la...<\/div><\/div><\/div><\/div><div class=\"rt-col-md-4 rt-col-sm-6 rt-col-xs-12 even-grid-item rt-grid-item\" data-id=\"7560\"><div class=\"rt-holder\"><div class='rt-detail'><h3 class=\"entry-title\"><a data-id=\"7560\" class=\"\" href=\"https:\/\/juntadegobierno.uabc.mx\/?p=7560\">Hay nueva presidenta en la Junta de Gobierno de UABC<\/a><\/h3><div class='tpg-excerpt'>Asume el cargo la doctora Lilia Mart\u00ednez Lobatos y se integra la doctora Marcela Deyanira...<\/div><\/div><\/div><\/div><div class=\"rt-col-md-4 rt-col-sm-6 rt-col-xs-12 even-grid-item rt-grid-item\" data-id=\"6999\"><div class=\"rt-holder\"><div class='rt-detail'><h3 class=\"entry-title\"><a data-id=\"6999\" class=\"\" href=\"https:\/\/juntadegobierno.uabc.mx\/?p=6999\">Autoridades universitarias recorren nuevas obras<\/a><\/h3><div class='tpg-excerpt'>Autoridades universitarias de la Rector\u00eda y la Junta de Gobierno, que respectivamente presiden los doctores...<\/div><\/div><\/div><\/div><\/div><\/div><\/div>\n\t\t\t\t<\/div>\n\t\t\t\t<\/div>\n\t\t\t\t\t<\/div>\n\t\t<\/div>\n\t\t\t\t\t\t\t<\/div>\n\t\t<\/section>\n\t\t\t\t\t\t<\/div>\n\t\t\t\t\t<\/div>\n\t\t","protected":false},"excerpt":{"rendered":"","protected":false},"author":1,"featured_media":0,"parent":0,"menu_order":0,"comment_status":"closed","ping_status":"closed","template":"","meta":[],"rttpg_featured_image_url":null,"rttpg_author":{"display_name":"admin","author_link":"https:\/\/juntadegobierno.uabc.mx\/?author=1"},"rttpg_comment":0,"rttpg_category":"","rttpg_excerpt":null,"_links":{"self":[{"href":"https:\/\/juntadegobierno.uabc.mx\/index.php?rest_route=\/wp\/v2\/pages\/6966"}],"collection":[{"href":"https:\/\/juntadegobierno.uabc.mx\/index.php?rest_route=\/wp\/v2\/pages"}],"about":[{"href":"https:\/\/juntadegobierno.uabc.mx\/index.php?rest_route=\/wp\/v2\/types\/page"}],"author":[{"embeddable":true,"href":"https:\/\/juntadegobierno.uabc.mx\/index.php?rest_route=\/wp\/v2\/users\/1"}],"replies":[{"embeddable":true,"href":"https:\/\/juntadegobierno.uabc.mx\/index.php?rest_route=%2Fwp%2Fv2%2Fcomments&post=6966"}],"version-history":[{"count":0,"href":"https:\/\/juntadegobierno.uabc.mx\/index.php?rest_route=\/wp\/v2\/pages\/6966\/revisions"}],"wp:attachment":[{"href":"https:\/\/juntadegobierno.uabc.mx\/index.php?rest_route=%2Fwp%2Fv2%2Fmedia&parent=6966"}],"curies":[{"name":"wp","href":"https:\/\/api.w.org\/{rel}","templated":true}]}}