{"id":8215,"date":"2022-02-08T16:44:38","date_gmt":"2022-02-08T16:44:38","guid":{"rendered":"https:\/\/juntadegobierno.uabc.mx\/?page_id=8215"},"modified":"2025-05-09T18:02:28","modified_gmt":"2025-05-09T18:02:28","slug":"procesos-2025-1-facdeportesensenada","status":"publish","type":"page","link":"https:\/\/juntadegobierno.uabc.mx\/?page_id=8215","title":{"rendered":"UABC &#8211; Junta de Gobierno &#8211; Procesos &#8211; 2025-1 &#8211; Facultad de Deportes Ensenada"},"content":{"rendered":"\t\t<div data-elementor-type=\"wp-page\" data-elementor-id=\"8215\" class=\"elementor elementor-8215\" data-elementor-settings=\"[]\">\n\t\t\t\t\t\t\t<div class=\"elementor-section-wrap\">\n\t\t\t\t\t\t\t<section class=\"elementor-section elementor-top-section elementor-element elementor-element-900cdb3 elementor-section-boxed elementor-section-height-default elementor-section-height-default\" data-id=\"900cdb3\" data-element_type=\"section\">\n\t\t\t\t\t\t\t<div class=\"elementor-background-overlay\"><\/div>\n\t\t\t\t\t\t\t<div class=\"elementor-container elementor-column-gap-default\">\n\t\t\t\t\t<div class=\"elementor-column elementor-col-100 elementor-top-column elementor-element elementor-element-4022230\" data-id=\"4022230\" data-element_type=\"column\">\n\t\t\t<div class=\"elementor-widget-wrap elementor-element-populated\">\n\t\t\t\t\t\t\t\t<section class=\"elementor-section elementor-inner-section elementor-element elementor-element-c224787 elementor-section-boxed elementor-section-height-default elementor-section-height-default\" data-id=\"c224787\" data-element_type=\"section\">\n\t\t\t\t\t\t<div class=\"elementor-container elementor-column-gap-default\">\n\t\t\t\t\t<div class=\"elementor-column elementor-col-100 elementor-inner-column elementor-element elementor-element-162261d\" data-id=\"162261d\" data-element_type=\"column\">\n\t\t\t<div class=\"elementor-widget-wrap elementor-element-populated\">\n\t\t\t\t\t\t\t\t<div class=\"elementor-element elementor-element-9dd0f06 elementor-widget elementor-widget-heading\" data-id=\"9dd0f06\" data-element_type=\"widget\" data-widget_type=\"heading.default\">\n\t\t\t\t<div class=\"elementor-widget-container\">\n\t\t\t<h2 class=\"elementor-heading-title elementor-size-default\">Procesos de Nombramiento de Directores de Unidades Acad\u00e9micas<\/h2>\t\t<\/div>\n\t\t\t\t<\/div>\n\t\t\t\t<div class=\"elementor-element elementor-element-903905a elementor-widget elementor-widget-heading\" data-id=\"903905a\" data-element_type=\"widget\" data-widget_type=\"heading.default\">\n\t\t\t\t<div class=\"elementor-widget-container\">\n\t\t\t<h3 class=\"elementor-heading-title elementor-size-default\">Facultad de Deportes, Ensenada<\/h3>\t\t<\/div>\n\t\t\t\t<\/div>\n\t\t\t\t<div class=\"elementor-element elementor-element-9b93051 elementor-widget elementor-widget-text-editor\" data-id=\"9b93051\" data-element_type=\"widget\" data-widget_type=\"text-editor.default\">\n\t\t\t\t<div class=\"elementor-widget-container\">\n\t\t\t\t\t\t\t\t<p><a href=\"https:\/\/drive.google.com\/file\/d\/1-WuQ9VNar-RT3gbblgHOD65rB6jEIQ6f\/view?usp=sharing\"><span style=\"color: #3366ff;\">Oficio terna<\/span><\/a><\/p><p><a href=\"https:\/\/docs.google.com\/forms\/d\/e\/1FAIpQLSdZfhcLAOd9Q3XGBhPHJCc5h0vaL3pg_vKOVmJ0w6NAhDYQPg\/viewform?usp=header\"><span style=\"color: #3366ff;\">Enviar comentarios<\/span><\/a><\/p><p><a href=\"https:\/\/docs.google.com\/forms\/d\/e\/1FAIpQLSdqZZohcUQjrUAh2rd3YtDdqrk7LK0c3hoAwEu5ZEdyZuZNnQ\/viewform?usp=header\"><span style=\"color: #3366ff;\">Registro de auscultaci\u00f3n<\/span><\/a><\/p>\t\t\t\t\t\t<\/div>\n\t\t\t\t<\/div>\n\t\t\t\t<div class=\"elementor-element elementor-element-e134dce elementor-widget elementor-widget-heading\" data-id=\"e134dce\" data-element_type=\"widget\" data-widget_type=\"heading.default\">\n\t\t\t\t<div class=\"elementor-widget-container\">\n\t\t\t<h3 class=\"elementor-heading-title elementor-size-default\">Terna<\/h3>\t\t<\/div>\n\t\t\t\t<\/div>\n\t\t\t\t\t<\/div>\n\t\t<\/div>\n\t\t\t\t\t\t\t<\/div>\n\t\t<\/section>\n\t\t\t\t<section class=\"elementor-section elementor-inner-section elementor-element elementor-element-e714878 elementor-section-boxed elementor-section-height-default elementor-section-height-default\" data-id=\"e714878\" data-element_type=\"section\">\n\t\t\t\t\t\t<div class=\"elementor-container elementor-column-gap-default\">\n\t\t\t\t\t<div class=\"elementor-column elementor-col-33 elementor-inner-column elementor-element elementor-element-9610569\" data-id=\"9610569\" data-element_type=\"column\">\n\t\t\t<div class=\"elementor-widget-wrap elementor-element-populated\">\n\t\t\t\t\t\t\t\t<div class=\"elementor-element elementor-element-c849117 elementor-widget elementor-widget-image\" data-id=\"c849117\" data-element_type=\"widget\" data-widget_type=\"image.default\">\n\t\t\t\t<div class=\"elementor-widget-container\">\n\t\t\t\t\t\t\t\t\t\t\t\t<figure class=\"wp-caption\">\n\t\t\t\t\t\t\t\t\t\t<img src=\"https:\/\/juntadegobierno.uabc.mx\/wp-content\/uploads\/elementor\/thumbs\/Foto-M.C-Ermilo-Canton-Martinez-Candidado-a-Director-de-la-Facultad-de-Deportes-Ensenada-r5iu7kj85bvj90l9jg5bg7r2pwyf5rk1zg8gy06q80.png\" title=\"Foto M.C Ermilo Canton Martinez Candidado a Director de la Facultad de Deportes Ensenada\" alt=\"Foto M.C Ermilo Canton Martinez Candidado a Director de la Facultad de Deportes Ensenada\" \/>\t\t\t\t\t\t\t\t\t\t\t<figcaption class=\"widget-image-caption wp-caption-text\"><h4>Cant\u00f3n Mart\u00ednez Ermilo<\/h4><\/figcaption>\n\t\t\t\t\t\t\t\t\t\t<\/figure>\n\t\t\t\t\t\t\t\t\t<\/div>\n\t\t\t\t<\/div>\n\t\t\t\t<div class=\"elementor-element elementor-element-aa8f63e elementor-widget elementor-widget-text-editor\" data-id=\"aa8f63e\" data-element_type=\"widget\" data-widget_type=\"text-editor.default\">\n\t\t\t\t<div class=\"elementor-widget-container\">\n\t\t\t\t\t\t\t\t<center><br \/><a href=\"https:\/\/drive.google.com\/file\/d\/19L1iJ7q5sbs0BH7WQCVTkejl1RwYROMr\/view?usp=sharing\"><span style=\"color: #3366ff;\">Curr\u00edculum<\/span><\/a><\/center><center><\/center><center><a href=\"https:\/\/drive.google.com\/file\/d\/1IBBMiJnEHsTNrmlOzeYRcjMitKXaXASl\/view?usp=sharing\"><span style=\"color: #3366ff;\">Plan de trabajo<\/span><\/a><\/center>\t\t\t\t\t\t<\/div>\n\t\t\t\t<\/div>\n\t\t\t\t\t<\/div>\n\t\t<\/div>\n\t\t\t\t<div class=\"elementor-column elementor-col-33 elementor-inner-column elementor-element elementor-element-9d1e2ed\" data-id=\"9d1e2ed\" data-element_type=\"column\">\n\t\t\t<div class=\"elementor-widget-wrap elementor-element-populated\">\n\t\t\t\t\t\t\t\t<div class=\"elementor-element elementor-element-dbcd351 elementor-widget elementor-widget-image\" data-id=\"dbcd351\" data-element_type=\"widget\" data-widget_type=\"image.default\">\n\t\t\t\t<div class=\"elementor-widget-container\">\n\t\t\t\t\t\t\t\t\t\t\t\t<figure class=\"wp-caption\">\n\t\t\t\t\t\t\t\t\t\t<img src=\"https:\/\/juntadegobierno.uabc.mx\/wp-content\/uploads\/elementor\/thumbs\/Foto_Esteban-1-r5iuxpfo6hnk2omjx8uva4bhcm4u6sbd8t9ibzfn7k.jpeg\" title=\"Foto_Esteban (1)\" alt=\"Foto_Esteban (1)\" \/>\t\t\t\t\t\t\t\t\t\t\t<figcaption class=\"widget-image-caption wp-caption-text\"><h4>Hern\u00e1ndez Armas Esteban<\/h4><\/figcaption>\n\t\t\t\t\t\t\t\t\t\t<\/figure>\n\t\t\t\t\t\t\t\t\t<\/div>\n\t\t\t\t<\/div>\n\t\t\t\t<div class=\"elementor-element elementor-element-e485514 elementor-widget elementor-widget-text-editor\" data-id=\"e485514\" data-element_type=\"widget\" data-widget_type=\"text-editor.default\">\n\t\t\t\t<div class=\"elementor-widget-container\">\n\t\t\t\t\t\t\t\t<center><br \/><a href=\"https:\/\/drive.google.com\/file\/d\/1oUOFqa_J0GNr_E1d7mWZj-1TJjWRGui_\/view?usp=sharing\"><span style=\"color: #3366ff;\">Curr\u00edculum<\/span><\/a><\/center><center><\/center><center><a href=\"https:\/\/drive.google.com\/file\/d\/1hnd47QC96sHvtqgeogf_UDf7uoelGrzU\/view?usp=sharing\"><span style=\"color: #3366ff;\">Plan de trabajo<\/span><\/a><\/center>\t\t\t\t\t\t<\/div>\n\t\t\t\t<\/div>\n\t\t\t\t\t<\/div>\n\t\t<\/div>\n\t\t\t\t<div class=\"elementor-column elementor-col-33 elementor-inner-column elementor-element elementor-element-b4aaec2\" data-id=\"b4aaec2\" data-element_type=\"column\">\n\t\t\t<div class=\"elementor-widget-wrap elementor-element-populated\">\n\t\t\t\t\t\t\t\t<div class=\"elementor-element elementor-element-121c66d elementor-widget elementor-widget-image\" data-id=\"121c66d\" data-element_type=\"widget\" data-widget_type=\"image.default\">\n\t\t\t\t<div class=\"elementor-widget-container\">\n\t\t\t\t\t\t\t\t\t\t\t\t<figure class=\"wp-caption\">\n\t\t\t\t\t\t\t\t\t\t<img src=\"https:\/\/juntadegobierno.uabc.mx\/wp-content\/uploads\/elementor\/thumbs\/Fotografia_Direccion-r5iv7oi0p7b39q4zok2cqlpk9sz1v5wty6gznon96o.jpg\" title=\"Fotografia_Direccion\" alt=\"Fotografia_Direccion\" \/>\t\t\t\t\t\t\t\t\t\t\t<figcaption class=\"widget-image-caption wp-caption-text\"><h4>Renter\u00eda Iv\u00e1n<\/h4><\/figcaption>\n\t\t\t\t\t\t\t\t\t\t<\/figure>\n\t\t\t\t\t\t\t\t\t<\/div>\n\t\t\t\t<\/div>\n\t\t\t\t<div class=\"elementor-element elementor-element-e56fd08 elementor-widget elementor-widget-text-editor\" data-id=\"e56fd08\" data-element_type=\"widget\" data-widget_type=\"text-editor.default\">\n\t\t\t\t<div class=\"elementor-widget-container\">\n\t\t\t\t\t\t\t\t<center><br \/><a href=\"https:\/\/drive.google.com\/file\/d\/1W6Bl_JCmIiIjP3wucaIvslb7lB2FWsxQ\/view?usp=sharing\"><span style=\"color: #3366ff;\"><span style=\"color: #3366ff;\">Curr\u00edculum<\/span><\/span><\/a><center><\/center><center><a href=\"https:\/\/drive.google.com\/file\/d\/1PbwOPD1UgGqYX3fTbaJLive6RiDag2GB\/view?usp=sharing\"><span style=\"color: #3366ff;\">Plan de trabajo<\/span><\/a><\/center><\/center>\t\t\t\t\t\t<\/div>\n\t\t\t\t<\/div>\n\t\t\t\t\t<\/div>\n\t\t<\/div>\n\t\t\t\t\t\t\t<\/div>\n\t\t<\/section>\n\t\t\t\t\t<\/div>\n\t\t<\/div>\n\t\t\t\t\t\t\t<\/div>\n\t\t<\/section>\n\t\t\t\t\t\t<\/div>\n\t\t\t\t\t<\/div>\n\t\t","protected":false},"excerpt":{"rendered":"<p>Procesos de Nombramiento de Directores de Unidades Acad\u00e9micas Facultad de Deportes, Ensenada Oficio terna Enviar comentarios Registro de auscultaci\u00f3n Terna Cant\u00f3n Mart\u00ednez Ermilo Curr\u00edculumPlan de trabajo Hern\u00e1ndez Armas Esteban Curr\u00edculumPlan de trabajo Renter\u00eda Iv\u00e1n Curr\u00edculumPlan de trabajo<\/p>\n","protected":false},"author":1,"featured_media":0,"parent":0,"menu_order":0,"comment_status":"closed","ping_status":"closed","template":"","meta":[],"rttpg_featured_image_url":null,"rttpg_author":{"display_name":"admin","author_link":"https:\/\/juntadegobierno.uabc.mx\/?author=1"},"rttpg_comment":0,"rttpg_category":null,"rttpg_excerpt":"Procesos de Nombramiento de Directores de Unidades Acad\u00e9micas Facultad de Deportes, Ensenada Oficio terna Enviar comentarios Registro de auscultaci\u00f3n Terna Cant\u00f3n Mart\u00ednez Ermilo Curr\u00edculumPlan de trabajo Hern\u00e1ndez Armas Esteban Curr\u00edculumPlan de trabajo Renter\u00eda Iv\u00e1n Curr\u00edculumPlan de trabajo","_links":{"self":[{"href":"https:\/\/juntadegobierno.uabc.mx\/index.php?rest_route=\/wp\/v2\/pages\/8215"}],"collection":[{"href":"https:\/\/juntadegobierno.uabc.mx\/index.php?rest_route=\/wp\/v2\/pages"}],"about":[{"href":"https:\/\/juntadegobierno.uabc.mx\/index.php?rest_route=\/wp\/v2\/types\/page"}],"author":[{"embeddable":true,"href":"https:\/\/juntadegobierno.uabc.mx\/index.php?rest_route=\/wp\/v2\/users\/1"}],"replies":[{"embeddable":true,"href":"https:\/\/juntadegobierno.uabc.mx\/index.php?rest_route=%2Fwp%2Fv2%2Fcomments&post=8215"}],"version-history":[{"count":0,"href":"https:\/\/juntadegobierno.uabc.mx\/index.php?rest_route=\/wp\/v2\/pages\/8215\/revisions"}],"wp:attachment":[{"href":"https:\/\/juntadegobierno.uabc.mx\/index.php?rest_route=%2Fwp%2Fv2%2Fmedia&parent=8215"}],"curies":[{"name":"wp","href":"https:\/\/api.w.org\/{rel}","templated":true}]}}