{"id":8397,"date":"2022-02-08T16:44:38","date_gmt":"2022-02-08T16:44:38","guid":{"rendered":"https:\/\/juntadegobierno.uabc.mx\/?page_id=8397"},"modified":"2025-08-20T19:28:30","modified_gmt":"2025-08-20T19:28:30","slug":"procesos-2024-2-facadminsocing-2-2-2","status":"publish","type":"page","link":"https:\/\/juntadegobierno.uabc.mx\/?page_id=8397","title":{"rendered":"UABC &#8211; Junta de Gobierno &#8211; Procesos &#8211; 2025-2 &#8211; Escuela de Ciencias de la Salud"},"content":{"rendered":"\t\t<div data-elementor-type=\"wp-page\" data-elementor-id=\"8397\" class=\"elementor elementor-8397\" data-elementor-settings=\"[]\">\n\t\t\t\t\t\t\t<div class=\"elementor-section-wrap\">\n\t\t\t\t\t\t\t<section class=\"elementor-section elementor-top-section elementor-element elementor-element-900cdb3 elementor-section-boxed elementor-section-height-default elementor-section-height-default\" data-id=\"900cdb3\" data-element_type=\"section\">\n\t\t\t\t\t\t\t<div class=\"elementor-background-overlay\"><\/div>\n\t\t\t\t\t\t\t<div class=\"elementor-container elementor-column-gap-default\">\n\t\t\t\t\t<div class=\"elementor-column elementor-col-100 elementor-top-column elementor-element elementor-element-4022230\" data-id=\"4022230\" data-element_type=\"column\">\n\t\t\t<div class=\"elementor-widget-wrap elementor-element-populated\">\n\t\t\t\t\t\t\t\t<section class=\"elementor-section elementor-inner-section elementor-element elementor-element-c224787 elementor-section-boxed elementor-section-height-default elementor-section-height-default\" data-id=\"c224787\" data-element_type=\"section\">\n\t\t\t\t\t\t<div class=\"elementor-container elementor-column-gap-default\">\n\t\t\t\t\t<div class=\"elementor-column elementor-col-100 elementor-inner-column elementor-element elementor-element-162261d\" data-id=\"162261d\" data-element_type=\"column\">\n\t\t\t<div class=\"elementor-widget-wrap elementor-element-populated\">\n\t\t\t\t\t\t\t\t<div class=\"elementor-element elementor-element-9dd0f06 elementor-widget elementor-widget-heading\" data-id=\"9dd0f06\" data-element_type=\"widget\" data-widget_type=\"heading.default\">\n\t\t\t\t<div class=\"elementor-widget-container\">\n\t\t\t<h2 class=\"elementor-heading-title elementor-size-default\">Procesos de Nombramiento de Directores de Unidades Acad\u00e9micas<\/h2>\t\t<\/div>\n\t\t\t\t<\/div>\n\t\t\t\t<div class=\"elementor-element elementor-element-903905a elementor-widget elementor-widget-heading\" data-id=\"903905a\" data-element_type=\"widget\" data-widget_type=\"heading.default\">\n\t\t\t\t<div class=\"elementor-widget-container\">\n\t\t\t<h3 class=\"elementor-heading-title elementor-size-default\">Escuela de Ciencias de la Salud<\/h3>\t\t<\/div>\n\t\t\t\t<\/div>\n\t\t\t\t<div class=\"elementor-element elementor-element-9b93051 elementor-widget elementor-widget-text-editor\" data-id=\"9b93051\" data-element_type=\"widget\" data-widget_type=\"text-editor.default\">\n\t\t\t\t<div class=\"elementor-widget-container\">\n\t\t\t\t\t\t\t\t<p><a href=\"https:\/\/drive.google.com\/file\/d\/1ay-oyWBaUmUpObCcl0NCgVTKNTMpzaSM\/view?usp=sharing\"><span style=\"color: #3366ff;\">Oficio terna<\/span><\/a><\/p><p><a href=\"https:\/\/docs.google.com\/forms\/d\/e\/1FAIpQLScW3ULPl78_jbhthoCoYpPx2jZMxiJAFccNDzFKgloO1HruFA\/viewform?usp=header\"><span style=\"color: #3366ff;\">Enviar comentarios<\/span><\/a><\/p><p><a href=\"https:\/\/docs.google.com\/forms\/d\/e\/1FAIpQLSfsUezzCAAwQLIiw4ioJDK-2eBKdybcHuHQzFI2YLvZW1S75A\/viewform?usp=header\"><span style=\"color: #3366ff;\">Registro de auscultaci\u00f3n<\/span><\/a><\/p>\t\t\t\t\t\t<\/div>\n\t\t\t\t<\/div>\n\t\t\t\t<div class=\"elementor-element elementor-element-e134dce elementor-widget elementor-widget-heading\" data-id=\"e134dce\" data-element_type=\"widget\" data-widget_type=\"heading.default\">\n\t\t\t\t<div class=\"elementor-widget-container\">\n\t\t\t<h3 class=\"elementor-heading-title elementor-size-default\">Terna<\/h3>\t\t<\/div>\n\t\t\t\t<\/div>\n\t\t\t\t\t<\/div>\n\t\t<\/div>\n\t\t\t\t\t\t\t<\/div>\n\t\t<\/section>\n\t\t\t\t<section class=\"elementor-section elementor-inner-section elementor-element elementor-element-e714878 elementor-section-boxed elementor-section-height-default elementor-section-height-default\" data-id=\"e714878\" data-element_type=\"section\">\n\t\t\t\t\t\t<div class=\"elementor-container elementor-column-gap-default\">\n\t\t\t\t\t<div class=\"elementor-column elementor-col-33 elementor-inner-column elementor-element elementor-element-9610569\" data-id=\"9610569\" data-element_type=\"column\">\n\t\t\t<div class=\"elementor-widget-wrap elementor-element-populated\">\n\t\t\t\t\t\t\t\t<div class=\"elementor-element elementor-element-c849117 elementor-widget elementor-widget-image\" data-id=\"c849117\" data-element_type=\"widget\" data-widget_type=\"image.default\">\n\t\t\t\t<div class=\"elementor-widget-container\">\n\t\t\t\t\t\t\t\t\t\t\t\t<figure class=\"wp-caption\">\n\t\t\t\t\t\t\t\t\t\t<img src=\"https:\/\/juntadegobierno.uabc.mx\/wp-content\/uploads\/elementor\/thumbs\/Foto-AAAC-1-rajo3u73k7xu0t19j8ggb86lnoqltpp4ba6eg5t7wg.jpeg\" title=\"ARREOLA CRUZ ALMA AURORA\" alt=\"ARREOLA CRUZ ALMA AURORA\" \/>\t\t\t\t\t\t\t\t\t\t\t<figcaption class=\"widget-image-caption wp-caption-text\"><h4>ALMA AURORA ARREOLA CRUZ<\/h4><\/figcaption>\n\t\t\t\t\t\t\t\t\t\t<\/figure>\n\t\t\t\t\t\t\t\t\t<\/div>\n\t\t\t\t<\/div>\n\t\t\t\t<div class=\"elementor-element elementor-element-aa8f63e elementor-widget elementor-widget-text-editor\" data-id=\"aa8f63e\" data-element_type=\"widget\" data-widget_type=\"text-editor.default\">\n\t\t\t\t<div class=\"elementor-widget-container\">\n\t\t\t\t\t\t\t\t<center><br \/><a href=\"https:\/\/drive.google.com\/file\/d\/1H9guUPW3CuXJVUR24HOD1sDLMUkKEuzW\/view?usp=sharing\"><span style=\"color: #3366ff;\">Curr\u00edculum<\/span><\/a><\/center><center><\/center><center><a href=\"https:\/\/drive.google.com\/file\/d\/1rNGtxqAOViqUu9NEIJNmVhGFLytmz32R\/view?usp=sharing\"><span style=\"color: #3366ff;\">Plan de trabajo<\/span><\/a><\/center>\t\t\t\t\t\t<\/div>\n\t\t\t\t<\/div>\n\t\t\t\t\t<\/div>\n\t\t<\/div>\n\t\t\t\t<div class=\"elementor-column elementor-col-33 elementor-inner-column elementor-element elementor-element-9d1e2ed\" data-id=\"9d1e2ed\" data-element_type=\"column\">\n\t\t\t<div class=\"elementor-widget-wrap elementor-element-populated\">\n\t\t\t\t\t\t\t\t<div class=\"elementor-element elementor-element-dbcd351 elementor-widget elementor-widget-image\" data-id=\"dbcd351\" data-element_type=\"widget\" data-widget_type=\"image.default\">\n\t\t\t\t<div class=\"elementor-widget-container\">\n\t\t\t\t\t\t\t\t\t\t\t\t<figure class=\"wp-caption\">\n\t\t\t\t\t\t\t\t\t\t<img src=\"https:\/\/juntadegobierno.uabc.mx\/wp-content\/uploads\/elementor\/thumbs\/fotografia-griego-portillo-berenice-1-rajpk9n0rjpllsvndwbbdzw6hebn5xu4us5e3s2ou8.jpg\" title=\"fotograf\u00eda griego portillo berenice (1)\" alt=\"fotograf\u00eda griego portillo berenice (1)\" \/>\t\t\t\t\t\t\t\t\t\t\t<figcaption class=\"widget-image-caption wp-caption-text\"><h4>BERENICE GRIEGO PORTILLO<\/h4><\/figcaption>\n\t\t\t\t\t\t\t\t\t\t<\/figure>\n\t\t\t\t\t\t\t\t\t<\/div>\n\t\t\t\t<\/div>\n\t\t\t\t<div class=\"elementor-element elementor-element-e485514 elementor-widget elementor-widget-text-editor\" data-id=\"e485514\" data-element_type=\"widget\" data-widget_type=\"text-editor.default\">\n\t\t\t\t<div class=\"elementor-widget-container\">\n\t\t\t\t\t\t\t\t<center><br \/><a href=\"https:\/\/drive.google.com\/file\/d\/10ZP-34rLhOTULgmBslWaZvsQggp-ddLk\/view?usp=sharing\"><span style=\"color: #3366ff;\">Curr\u00edculum<\/span><\/a><\/center><center><\/center><center><a href=\"https:\/\/drive.google.com\/file\/d\/1xlz8iLteUa71VhSnkGfgqHve9gkOd6p9\/view?usp=sharing\"><span style=\"color: #3366ff;\">Plan de trabajo<\/span><\/a><\/center>\t\t\t\t\t\t<\/div>\n\t\t\t\t<\/div>\n\t\t\t\t\t<\/div>\n\t\t<\/div>\n\t\t\t\t<div class=\"elementor-column elementor-col-33 elementor-inner-column elementor-element elementor-element-b4aaec2\" data-id=\"b4aaec2\" data-element_type=\"column\">\n\t\t\t<div class=\"elementor-widget-wrap elementor-element-populated\">\n\t\t\t\t\t\t\t\t<div class=\"elementor-element elementor-element-121c66d elementor-widget elementor-widget-image\" data-id=\"121c66d\" data-element_type=\"widget\" data-widget_type=\"image.default\">\n\t\t\t\t<div class=\"elementor-widget-container\">\n\t\t\t\t\t\t\t\t\t\t\t\t<figure class=\"wp-caption\">\n\t\t\t\t\t\t\t\t\t\t<img src=\"https:\/\/juntadegobierno.uabc.mx\/wp-content\/uploads\/elementor\/thumbs\/MaLuisaHernandezRamirez-rajpucgq1lia3a8mj95b4gc3s4nbp3uiwnytcl4q4g.jpg\" title=\"MaLuisaHernandezRamirez\" alt=\"MaLuisaHernandezRamirez\" \/>\t\t\t\t\t\t\t\t\t\t\t<figcaption class=\"widget-image-caption wp-caption-text\"><h4>MAR\u00cdA LUISA HERN\u00c1NDEZ RAM\u00cdREZ<\/h4><\/figcaption>\n\t\t\t\t\t\t\t\t\t\t<\/figure>\n\t\t\t\t\t\t\t\t\t<\/div>\n\t\t\t\t<\/div>\n\t\t\t\t<div class=\"elementor-element elementor-element-e56fd08 elementor-widget elementor-widget-text-editor\" data-id=\"e56fd08\" data-element_type=\"widget\" data-widget_type=\"text-editor.default\">\n\t\t\t\t<div class=\"elementor-widget-container\">\n\t\t\t\t\t\t\t\t<center><br \/><a href=\"https:\/\/drive.google.com\/file\/d\/1r4mKekqWzY1lXs-AW7GOmTnpu2wI-tUM\/view?usp=sharing\"><span style=\"color: #3366ff;\"><span style=\"color: #3366ff;\">Curr\u00edculum<\/span><\/span><\/a><center><\/center><center><a href=\"https:\/\/drive.google.com\/file\/d\/1j81ACkRNAFbO4M5OUsC6NDMk7vpXTOhj\/view?usp=sharing\"><span style=\"color: #3366ff;\">Plan de trabajo<\/span><\/a><\/center><\/center>\t\t\t\t\t\t<\/div>\n\t\t\t\t<\/div>\n\t\t\t\t\t<\/div>\n\t\t<\/div>\n\t\t\t\t\t\t\t<\/div>\n\t\t<\/section>\n\t\t\t\t\t<\/div>\n\t\t<\/div>\n\t\t\t\t\t\t\t<\/div>\n\t\t<\/section>\n\t\t\t\t\t\t<\/div>\n\t\t\t\t\t<\/div>\n\t\t","protected":false},"excerpt":{"rendered":"<p>Procesos de Nombramiento de Directores de Unidades Acad\u00e9micas Escuela de Ciencias de la Salud Oficio terna Enviar comentarios Registro de auscultaci\u00f3n Terna ALMA AURORA ARREOLA CRUZ Curr\u00edculumPlan de trabajo BERENICE GRIEGO PORTILLO Curr\u00edculumPlan de trabajo MAR\u00cdA LUISA HERN\u00c1NDEZ RAM\u00cdREZ Curr\u00edculumPlan de trabajo<\/p>\n","protected":false},"author":1,"featured_media":0,"parent":0,"menu_order":0,"comment_status":"closed","ping_status":"closed","template":"","meta":[],"rttpg_featured_image_url":null,"rttpg_author":{"display_name":"admin","author_link":"https:\/\/juntadegobierno.uabc.mx\/?author=1"},"rttpg_comment":0,"rttpg_category":null,"rttpg_excerpt":"Procesos de Nombramiento de Directores de Unidades Acad\u00e9micas Escuela de Ciencias de la Salud Oficio terna Enviar comentarios Registro de auscultaci\u00f3n Terna ALMA AURORA ARREOLA CRUZ Curr\u00edculumPlan de trabajo BERENICE GRIEGO PORTILLO Curr\u00edculumPlan de trabajo MAR\u00cdA LUISA HERN\u00c1NDEZ RAM\u00cdREZ Curr\u00edculumPlan de trabajo","_links":{"self":[{"href":"https:\/\/juntadegobierno.uabc.mx\/index.php?rest_route=\/wp\/v2\/pages\/8397"}],"collection":[{"href":"https:\/\/juntadegobierno.uabc.mx\/index.php?rest_route=\/wp\/v2\/pages"}],"about":[{"href":"https:\/\/juntadegobierno.uabc.mx\/index.php?rest_route=\/wp\/v2\/types\/page"}],"author":[{"embeddable":true,"href":"https:\/\/juntadegobierno.uabc.mx\/index.php?rest_route=\/wp\/v2\/users\/1"}],"replies":[{"embeddable":true,"href":"https:\/\/juntadegobierno.uabc.mx\/index.php?rest_route=%2Fwp%2Fv2%2Fcomments&post=8397"}],"version-history":[{"count":0,"href":"https:\/\/juntadegobierno.uabc.mx\/index.php?rest_route=\/wp\/v2\/pages\/8397\/revisions"}],"wp:attachment":[{"href":"https:\/\/juntadegobierno.uabc.mx\/index.php?rest_route=%2Fwp%2Fv2%2Fmedia&parent=8397"}],"curies":[{"name":"wp","href":"https:\/\/api.w.org\/{rel}","templated":true}]}}