{"id":8402,"date":"2022-02-08T16:44:38","date_gmt":"2022-02-08T16:44:38","guid":{"rendered":"https:\/\/juntadegobierno.uabc.mx\/?page_id=8402"},"modified":"2025-10-02T21:42:55","modified_gmt":"2025-10-02T21:42:55","slug":"procesos-2024-2-facadminsocing-2-2-3","status":"publish","type":"page","link":"https:\/\/juntadegobierno.uabc.mx\/?page_id=8402","title":{"rendered":"UABC &#8211; Junta de Gobierno &#8211; Procesos &#8211; 2025-2 &#8211; Facultad de Enolog\u00eda y Gastronom\u00eda"},"content":{"rendered":"\t\t<div data-elementor-type=\"wp-page\" data-elementor-id=\"8402\" class=\"elementor elementor-8402\" data-elementor-settings=\"[]\">\n\t\t\t\t\t\t\t<div class=\"elementor-section-wrap\">\n\t\t\t\t\t\t\t<section class=\"elementor-section elementor-top-section elementor-element elementor-element-900cdb3 elementor-section-boxed elementor-section-height-default elementor-section-height-default\" data-id=\"900cdb3\" data-element_type=\"section\">\n\t\t\t\t\t\t\t<div class=\"elementor-background-overlay\"><\/div>\n\t\t\t\t\t\t\t<div class=\"elementor-container elementor-column-gap-default\">\n\t\t\t\t\t<div class=\"elementor-column elementor-col-100 elementor-top-column elementor-element elementor-element-4022230\" data-id=\"4022230\" data-element_type=\"column\">\n\t\t\t<div class=\"elementor-widget-wrap elementor-element-populated\">\n\t\t\t\t\t\t\t\t<section class=\"elementor-section elementor-inner-section elementor-element elementor-element-c224787 elementor-section-boxed elementor-section-height-default elementor-section-height-default\" data-id=\"c224787\" data-element_type=\"section\">\n\t\t\t\t\t\t<div class=\"elementor-container elementor-column-gap-default\">\n\t\t\t\t\t<div class=\"elementor-column elementor-col-100 elementor-inner-column elementor-element elementor-element-162261d\" data-id=\"162261d\" data-element_type=\"column\">\n\t\t\t<div class=\"elementor-widget-wrap elementor-element-populated\">\n\t\t\t\t\t\t\t\t<div class=\"elementor-element elementor-element-9dd0f06 elementor-widget elementor-widget-heading\" data-id=\"9dd0f06\" data-element_type=\"widget\" data-widget_type=\"heading.default\">\n\t\t\t\t<div class=\"elementor-widget-container\">\n\t\t\t<h2 class=\"elementor-heading-title elementor-size-default\">Procesos de Nombramiento de Directores de Unidades Acad\u00e9micas<\/h2>\t\t<\/div>\n\t\t\t\t<\/div>\n\t\t\t\t<div class=\"elementor-element elementor-element-903905a elementor-widget elementor-widget-heading\" data-id=\"903905a\" data-element_type=\"widget\" data-widget_type=\"heading.default\">\n\t\t\t\t<div class=\"elementor-widget-container\">\n\t\t\t<h3 class=\"elementor-heading-title elementor-size-default\">Facultad de Enolog\u00eda y Gastronom\u00eda<\/h3>\t\t<\/div>\n\t\t\t\t<\/div>\n\t\t\t\t<div class=\"elementor-element elementor-element-9b93051 elementor-widget elementor-widget-text-editor\" data-id=\"9b93051\" data-element_type=\"widget\" data-widget_type=\"text-editor.default\">\n\t\t\t\t<div class=\"elementor-widget-container\">\n\t\t\t\t\t\t\t\t<p><a href=\"https:\/\/drive.google.com\/file\/d\/1zzAwmnaEycvSlFj8fx1sRpipkiyvuPeO\/view?usp=sharing\"><span style=\"color: #3366ff;\">Oficio terna<\/span><\/a><\/p><p><a href=\"https:\/\/docs.google.com\/forms\/d\/e\/1FAIpQLSeobISONTd4lMYzrDtcaviq5b-x90OkWyBDv-NCo1VnMg2T9w\/viewform?usp=header\"><span style=\"color: #3366ff;\">Enviar comentarios<\/span><\/a><\/p><p><a href=\"https:\/\/docs.google.com\/forms\/d\/e\/1FAIpQLScv3bfAY-PEhtk4fKVmGLOdTlLFHftKXSJEwU31mDCfZZP6oA\/viewform?usp=header\"><span style=\"color: #3366ff;\">Registro de auscultaci\u00f3n<\/span><\/a><\/p>\t\t\t\t\t\t<\/div>\n\t\t\t\t<\/div>\n\t\t\t\t<div class=\"elementor-element elementor-element-e134dce elementor-widget elementor-widget-heading\" data-id=\"e134dce\" data-element_type=\"widget\" data-widget_type=\"heading.default\">\n\t\t\t\t<div class=\"elementor-widget-container\">\n\t\t\t<h3 class=\"elementor-heading-title elementor-size-default\">Terna<\/h3>\t\t<\/div>\n\t\t\t\t<\/div>\n\t\t\t\t\t<\/div>\n\t\t<\/div>\n\t\t\t\t\t\t\t<\/div>\n\t\t<\/section>\n\t\t\t\t<section class=\"elementor-section elementor-inner-section elementor-element elementor-element-e714878 elementor-section-boxed elementor-section-height-default elementor-section-height-default\" data-id=\"e714878\" data-element_type=\"section\">\n\t\t\t\t\t\t<div class=\"elementor-container elementor-column-gap-default\">\n\t\t\t\t\t<div class=\"elementor-column elementor-col-33 elementor-inner-column elementor-element elementor-element-9610569\" data-id=\"9610569\" data-element_type=\"column\">\n\t\t\t<div class=\"elementor-widget-wrap elementor-element-populated\">\n\t\t\t\t\t\t\t\t<div class=\"elementor-element elementor-element-c849117 elementor-widget elementor-widget-image\" data-id=\"c849117\" data-element_type=\"widget\" data-widget_type=\"image.default\">\n\t\t\t\t<div class=\"elementor-widget-container\">\n\t\t\t\t\t\t\t\t\t\t\t\t<figure class=\"wp-caption\">\n\t\t\t\t\t\t\t\t\t\t<img src=\"https:\/\/juntadegobierno.uabc.mx\/wp-content\/uploads\/elementor\/thumbs\/Foto-Mtro.-Alejandro-Jimenez-rcj9uqtpc4na47g23km938vipkqp5tx8n826g5y4w0.jpg\" title=\"Mtro. Alejandro Jim\u00e9nez\" alt=\"Mtro. Alejandro Jim\u00e9nez\" \/>\t\t\t\t\t\t\t\t\t\t\t<figcaption class=\"widget-image-caption wp-caption-text\"><h4>JIM\u00c9NEZ HERN\u00c1NDEZ ALEJANDRO<\/h4><\/figcaption>\n\t\t\t\t\t\t\t\t\t\t<\/figure>\n\t\t\t\t\t\t\t\t\t<\/div>\n\t\t\t\t<\/div>\n\t\t\t\t<div class=\"elementor-element elementor-element-aa8f63e elementor-widget elementor-widget-text-editor\" data-id=\"aa8f63e\" data-element_type=\"widget\" data-widget_type=\"text-editor.default\">\n\t\t\t\t<div class=\"elementor-widget-container\">\n\t\t\t\t\t\t\t\t<center><br \/><a href=\"https:\/\/drive.google.com\/file\/d\/1OMZkL1TZuRVKbZz8oTluRXCgHXa0P0nS\/view?usp=sharing\"><span style=\"color: #3366ff;\">Curr\u00edculum<\/span><\/a><\/center><center><\/center><center><a href=\"https:\/\/drive.google.com\/file\/d\/1Lk4RxugqakSyLInrdZmKJd9GxAtJCxZe\/view?usp=sharing\"><span style=\"color: #3366ff;\">Plan de trabajo<\/span><\/a><\/center>\t\t\t\t\t\t<\/div>\n\t\t\t\t<\/div>\n\t\t\t\t\t<\/div>\n\t\t<\/div>\n\t\t\t\t<div class=\"elementor-column elementor-col-33 elementor-inner-column elementor-element elementor-element-9d1e2ed\" data-id=\"9d1e2ed\" data-element_type=\"column\">\n\t\t\t<div class=\"elementor-widget-wrap elementor-element-populated\">\n\t\t\t\t\t\t\t\t<div class=\"elementor-element elementor-element-dbcd351 elementor-widget elementor-widget-image\" data-id=\"dbcd351\" data-element_type=\"widget\" data-widget_type=\"image.default\">\n\t\t\t\t<div class=\"elementor-widget-container\">\n\t\t\t\t\t\t\t\t\t\t\t\t<figure class=\"wp-caption\">\n\t\t\t\t\t\t\t\t\t\t<img src=\"https:\/\/juntadegobierno.uabc.mx\/wp-content\/uploads\/elementor\/thumbs\/Fotografia-Andres-Luna-rcja4hfi5bz8eras8a63faegaaqlwxl4bfeagdiaf4.jpg\" title=\"Fotograf\u00eda Andr\u00e9s Luna\" alt=\"Fotograf\u00eda Andr\u00e9s Luna\" \/>\t\t\t\t\t\t\t\t\t\t\t<figcaption class=\"widget-image-caption wp-caption-text\"><h4>LUNA ANDRADE ANDR\u00c9S ANTONIO<\/h4><\/figcaption>\n\t\t\t\t\t\t\t\t\t\t<\/figure>\n\t\t\t\t\t\t\t\t\t<\/div>\n\t\t\t\t<\/div>\n\t\t\t\t<div class=\"elementor-element elementor-element-e485514 elementor-widget elementor-widget-text-editor\" data-id=\"e485514\" data-element_type=\"widget\" data-widget_type=\"text-editor.default\">\n\t\t\t\t<div class=\"elementor-widget-container\">\n\t\t\t\t\t\t\t\t<center><br \/><a href=\"https:\/\/drive.google.com\/file\/d\/1_NAx7m7h8IiRPyUe-6PHGp1NaKCMWQRn\/view?usp=sharing\"><span style=\"color: #3366ff;\">Curr\u00edculum<\/span><\/a><\/center><center><\/center><center><a href=\"https:\/\/drive.google.com\/file\/d\/164mwl2NN-zv7m9ro_JV1YCBFxy67JX0e\/view?usp=sharing\"><span style=\"color: #3366ff;\">Plan de trabajo<\/span><\/a><\/center>\t\t\t\t\t\t<\/div>\n\t\t\t\t<\/div>\n\t\t\t\t\t<\/div>\n\t\t<\/div>\n\t\t\t\t<div class=\"elementor-column elementor-col-33 elementor-inner-column elementor-element elementor-element-b4aaec2\" data-id=\"b4aaec2\" data-element_type=\"column\">\n\t\t\t<div class=\"elementor-widget-wrap elementor-element-populated\">\n\t\t\t\t\t\t\t\t<div class=\"elementor-element elementor-element-121c66d elementor-widget elementor-widget-image\" data-id=\"121c66d\" data-element_type=\"widget\" data-widget_type=\"image.default\">\n\t\t\t\t<div class=\"elementor-widget-container\">\n\t\t\t\t\t\t\t\t\t\t\t\t<figure class=\"wp-caption\">\n\t\t\t\t\t\t\t\t\t\t<img src=\"https:\/\/juntadegobierno.uabc.mx\/wp-content\/uploads\/elementor\/thumbs\/1.-Elva-Saldana-Alvarez-rcjadvtehougidn9ccfscx0e50eqvywhly937zkk74.jpg\" title=\"1. Elva Salda\u00f1a Alvarez\" alt=\"1. Elva Salda\u00f1a Alvarez\" \/>\t\t\t\t\t\t\t\t\t\t\t<figcaption class=\"widget-image-caption wp-caption-text\"><h4>SALDA\u00d1A \u00c1LVAREZ ELVA<\/h4><\/figcaption>\n\t\t\t\t\t\t\t\t\t\t<\/figure>\n\t\t\t\t\t\t\t\t\t<\/div>\n\t\t\t\t<\/div>\n\t\t\t\t<div class=\"elementor-element elementor-element-e56fd08 elementor-widget elementor-widget-text-editor\" data-id=\"e56fd08\" data-element_type=\"widget\" data-widget_type=\"text-editor.default\">\n\t\t\t\t<div class=\"elementor-widget-container\">\n\t\t\t\t\t\t\t\t<center><br \/><a href=\"https:\/\/drive.google.com\/file\/d\/155mM18TTN0hrK_cNMOAQ8xZAjCfUT9o2\/view?usp=sharing\"><span style=\"color: #3366ff;\"><span style=\"color: #3366ff;\">Curr\u00edculum<\/span><\/span><\/a><center><\/center><center><a href=\"https:\/\/drive.google.com\/file\/d\/1kwuEbnXQIPdi0z0JS4pkTxPgyDCs1a8v\/view?usp=sharing\"><span style=\"color: #3366ff;\">Plan de trabajo<\/span><\/a><\/center><\/center>\t\t\t\t\t\t<\/div>\n\t\t\t\t<\/div>\n\t\t\t\t\t<\/div>\n\t\t<\/div>\n\t\t\t\t\t\t\t<\/div>\n\t\t<\/section>\n\t\t\t\t\t<\/div>\n\t\t<\/div>\n\t\t\t\t\t\t\t<\/div>\n\t\t<\/section>\n\t\t\t\t\t\t<\/div>\n\t\t\t\t\t<\/div>\n\t\t","protected":false},"excerpt":{"rendered":"<p>Procesos de Nombramiento de Directores de Unidades Acad\u00e9micas Facultad de Enolog\u00eda y Gastronom\u00eda Oficio terna Enviar comentarios Registro de auscultaci\u00f3n Terna JIM\u00c9NEZ HERN\u00c1NDEZ ALEJANDRO Curr\u00edculumPlan de trabajo LUNA ANDRADE ANDR\u00c9S ANTONIO Curr\u00edculumPlan de trabajo SALDA\u00d1A \u00c1LVAREZ ELVA Curr\u00edculumPlan de trabajo<\/p>\n","protected":false},"author":1,"featured_media":0,"parent":0,"menu_order":0,"comment_status":"closed","ping_status":"closed","template":"","meta":[],"rttpg_featured_image_url":null,"rttpg_author":{"display_name":"admin","author_link":"https:\/\/juntadegobierno.uabc.mx\/?author=1"},"rttpg_comment":0,"rttpg_category":null,"rttpg_excerpt":"Procesos de Nombramiento de Directores de Unidades Acad\u00e9micas Facultad de Enolog\u00eda y Gastronom\u00eda Oficio terna Enviar comentarios Registro de auscultaci\u00f3n Terna JIM\u00c9NEZ HERN\u00c1NDEZ ALEJANDRO Curr\u00edculumPlan de trabajo LUNA ANDRADE ANDR\u00c9S ANTONIO Curr\u00edculumPlan de trabajo SALDA\u00d1A \u00c1LVAREZ ELVA Curr\u00edculumPlan de trabajo","_links":{"self":[{"href":"https:\/\/juntadegobierno.uabc.mx\/index.php?rest_route=\/wp\/v2\/pages\/8402"}],"collection":[{"href":"https:\/\/juntadegobierno.uabc.mx\/index.php?rest_route=\/wp\/v2\/pages"}],"about":[{"href":"https:\/\/juntadegobierno.uabc.mx\/index.php?rest_route=\/wp\/v2\/types\/page"}],"author":[{"embeddable":true,"href":"https:\/\/juntadegobierno.uabc.mx\/index.php?rest_route=\/wp\/v2\/users\/1"}],"replies":[{"embeddable":true,"href":"https:\/\/juntadegobierno.uabc.mx\/index.php?rest_route=%2Fwp%2Fv2%2Fcomments&post=8402"}],"version-history":[{"count":0,"href":"https:\/\/juntadegobierno.uabc.mx\/index.php?rest_route=\/wp\/v2\/pages\/8402\/revisions"}],"wp:attachment":[{"href":"https:\/\/juntadegobierno.uabc.mx\/index.php?rest_route=%2Fwp%2Fv2%2Fmedia&parent=8402"}],"curies":[{"name":"wp","href":"https:\/\/api.w.org\/{rel}","templated":true}]}}