{"id":8407,"date":"2022-02-08T16:44:38","date_gmt":"2022-02-08T16:44:38","guid":{"rendered":"https:\/\/juntadegobierno.uabc.mx\/?page_id=8407"},"modified":"2025-10-02T21:15:31","modified_gmt":"2025-10-02T21:15:31","slug":"procesos-2024-2-facadminsocing-2-2-4","status":"publish","type":"page","link":"https:\/\/juntadegobierno.uabc.mx\/?page_id=8407","title":{"rendered":"UABC &#8211; Junta de Gobierno &#8211; Procesos &#8211; 2025-2 &#8211; Facultad de Artes Ensenada"},"content":{"rendered":"\t\t<div data-elementor-type=\"wp-page\" data-elementor-id=\"8407\" class=\"elementor elementor-8407\" data-elementor-settings=\"[]\">\n\t\t\t\t\t\t\t<div class=\"elementor-section-wrap\">\n\t\t\t\t\t\t\t<section class=\"elementor-section elementor-top-section elementor-element elementor-element-900cdb3 elementor-section-boxed elementor-section-height-default elementor-section-height-default\" data-id=\"900cdb3\" data-element_type=\"section\">\n\t\t\t\t\t\t\t<div class=\"elementor-background-overlay\"><\/div>\n\t\t\t\t\t\t\t<div class=\"elementor-container elementor-column-gap-default\">\n\t\t\t\t\t<div class=\"elementor-column elementor-col-100 elementor-top-column elementor-element elementor-element-4022230\" data-id=\"4022230\" data-element_type=\"column\">\n\t\t\t<div class=\"elementor-widget-wrap elementor-element-populated\">\n\t\t\t\t\t\t\t\t<section class=\"elementor-section elementor-inner-section elementor-element elementor-element-c224787 elementor-section-boxed elementor-section-height-default elementor-section-height-default\" data-id=\"c224787\" data-element_type=\"section\">\n\t\t\t\t\t\t<div class=\"elementor-container elementor-column-gap-default\">\n\t\t\t\t\t<div class=\"elementor-column elementor-col-100 elementor-inner-column elementor-element elementor-element-162261d\" data-id=\"162261d\" data-element_type=\"column\">\n\t\t\t<div class=\"elementor-widget-wrap elementor-element-populated\">\n\t\t\t\t\t\t\t\t<div class=\"elementor-element elementor-element-9dd0f06 elementor-widget elementor-widget-heading\" data-id=\"9dd0f06\" data-element_type=\"widget\" data-widget_type=\"heading.default\">\n\t\t\t\t<div class=\"elementor-widget-container\">\n\t\t\t<h2 class=\"elementor-heading-title elementor-size-default\">Procesos de Nombramiento de Directores de Unidades Acad\u00e9micas<\/h2>\t\t<\/div>\n\t\t\t\t<\/div>\n\t\t\t\t<div class=\"elementor-element elementor-element-903905a elementor-widget elementor-widget-heading\" data-id=\"903905a\" data-element_type=\"widget\" data-widget_type=\"heading.default\">\n\t\t\t\t<div class=\"elementor-widget-container\">\n\t\t\t<h3 class=\"elementor-heading-title elementor-size-default\">Facultad de Artes, Ensenada<\/h3>\t\t<\/div>\n\t\t\t\t<\/div>\n\t\t\t\t<div class=\"elementor-element elementor-element-9b93051 elementor-widget elementor-widget-text-editor\" data-id=\"9b93051\" data-element_type=\"widget\" data-widget_type=\"text-editor.default\">\n\t\t\t\t<div class=\"elementor-widget-container\">\n\t\t\t\t\t\t\t\t<p><a href=\"https:\/\/drive.google.com\/file\/d\/1t7e8oZTiQFQbEP6YUi1ARiMliJbdG4oj\/view?usp=sharing\"><span style=\"color: #3366ff;\">Oficio terna<\/span><\/a><\/p><p><a href=\"https:\/\/docs.google.com\/forms\/d\/e\/1FAIpQLSczOlACEAy_cQnBAxYhBiCampXxiO8VQ1Wz_CGsuz9YEgTNeQ\/viewform?usp=header\"><span style=\"color: #3366ff;\">Enviar comentarios<\/span><\/a><\/p><p><a href=\"https:\/\/docs.google.com\/forms\/d\/e\/1FAIpQLSf0PPEd2_A8WnXH1bKZgDrZAAhIoMmby3jnClxO06p49vRF9w\/viewform?usp=header\"><span style=\"color: #3366ff;\">Registro de auscultaci\u00f3n<\/span><\/a><\/p>\t\t\t\t\t\t<\/div>\n\t\t\t\t<\/div>\n\t\t\t\t<div class=\"elementor-element elementor-element-e134dce elementor-widget elementor-widget-heading\" data-id=\"e134dce\" data-element_type=\"widget\" data-widget_type=\"heading.default\">\n\t\t\t\t<div class=\"elementor-widget-container\">\n\t\t\t<h3 class=\"elementor-heading-title elementor-size-default\">Terna<\/h3>\t\t<\/div>\n\t\t\t\t<\/div>\n\t\t\t\t\t<\/div>\n\t\t<\/div>\n\t\t\t\t\t\t\t<\/div>\n\t\t<\/section>\n\t\t\t\t<section class=\"elementor-section elementor-inner-section elementor-element elementor-element-e714878 elementor-section-boxed elementor-section-height-default elementor-section-height-default\" data-id=\"e714878\" data-element_type=\"section\">\n\t\t\t\t\t\t<div class=\"elementor-container elementor-column-gap-default\">\n\t\t\t\t\t<div class=\"elementor-column elementor-col-33 elementor-inner-column elementor-element elementor-element-9610569\" data-id=\"9610569\" data-element_type=\"column\">\n\t\t\t<div class=\"elementor-widget-wrap elementor-element-populated\">\n\t\t\t\t\t\t\t\t<div class=\"elementor-element elementor-element-c849117 elementor-widget elementor-widget-image\" data-id=\"c849117\" data-element_type=\"widget\" data-widget_type=\"image.default\">\n\t\t\t\t<div class=\"elementor-widget-container\">\n\t\t\t\t\t\t\t\t\t\t\t\t<figure class=\"wp-caption\">\n\t\t\t\t\t\t\t\t\t\t<img src=\"https:\/\/juntadegobierno.uabc.mx\/wp-content\/uploads\/elementor\/thumbs\/FOTO-CHRISTIAN-AMAYA-rcmpjmn7mmb4i9dtdutqn2rjh71kqikaiyaugtm2bk.jpg\" title=\"FOTO CHRISTIAN AMAYA\" alt=\"FOTO CHRISTIAN AMAYA\" \/>\t\t\t\t\t\t\t\t\t\t\t<figcaption class=\"widget-image-caption wp-caption-text\"><h4>AMAYA PARRA CHRISTIAN ALEJANDRO<\/h4><\/figcaption>\n\t\t\t\t\t\t\t\t\t\t<\/figure>\n\t\t\t\t\t\t\t\t\t<\/div>\n\t\t\t\t<\/div>\n\t\t\t\t<div class=\"elementor-element elementor-element-aa8f63e elementor-widget elementor-widget-text-editor\" data-id=\"aa8f63e\" data-element_type=\"widget\" data-widget_type=\"text-editor.default\">\n\t\t\t\t<div class=\"elementor-widget-container\">\n\t\t\t\t\t\t\t\t<center><br \/><a href=\"https:\/\/drive.google.com\/file\/d\/1Uri6lZRJ2Ye7qEjVQ1siDtWBOGQNJaYb\/view?usp=sharing\"><span style=\"color: #3366ff;\">Curr\u00edculum<\/span><\/a><\/center><center><\/center><center><a href=\"https:\/\/drive.google.com\/file\/d\/1umrJznSL6rG8kC7Rp4tORchw2KFbPKN-\/view?usp=sharing\"><span style=\"color: #3366ff;\">Plan de trabajo<\/span><\/a><\/center>\t\t\t\t\t\t<\/div>\n\t\t\t\t<\/div>\n\t\t\t\t\t<\/div>\n\t\t<\/div>\n\t\t\t\t<div class=\"elementor-column elementor-col-33 elementor-inner-column elementor-element elementor-element-9d1e2ed\" data-id=\"9d1e2ed\" data-element_type=\"column\">\n\t\t\t<div class=\"elementor-widget-wrap elementor-element-populated\">\n\t\t\t\t\t\t\t\t<div class=\"elementor-element elementor-element-dbcd351 elementor-widget elementor-widget-image\" data-id=\"dbcd351\" data-element_type=\"widget\" data-widget_type=\"image.default\">\n\t\t\t\t<div class=\"elementor-widget-container\">\n\t\t\t\t\t\t\t\t\t\t\t\t<figure class=\"wp-caption\">\n\t\t\t\t\t\t\t\t\t\t<img src=\"https:\/\/juntadegobierno.uabc.mx\/wp-content\/uploads\/elementor\/thumbs\/IMG_0556-rcmpsj66d4hwhag8e7dirbvq1l5qnawrf0rf46etds.jpeg\" title=\"IMG_0556\" alt=\"IMG_0556\" \/>\t\t\t\t\t\t\t\t\t\t\t<figcaption class=\"widget-image-caption wp-caption-text\"><h4>GONZ\u00c1LEZ LOZANO MAR\u00cdA ESTHER<\/h4><\/figcaption>\n\t\t\t\t\t\t\t\t\t\t<\/figure>\n\t\t\t\t\t\t\t\t\t<\/div>\n\t\t\t\t<\/div>\n\t\t\t\t<div class=\"elementor-element elementor-element-e485514 elementor-widget elementor-widget-text-editor\" data-id=\"e485514\" data-element_type=\"widget\" data-widget_type=\"text-editor.default\">\n\t\t\t\t<div class=\"elementor-widget-container\">\n\t\t\t\t\t\t\t\t<center><br \/><a href=\"https:\/\/drive.google.com\/file\/d\/1FiBIev0nN7CQKm89PZkg7dZwY91rt1Tl\/view?usp=sharing\"><span style=\"color: #3366ff;\">Curr\u00edculum<\/span><\/a><\/center><center><\/center><center><a href=\"https:\/\/drive.google.com\/file\/d\/19y1n6fMGcCuikpMZC_YIKEYEall6I3ye\/view?usp=sharing\"><span style=\"color: #3366ff;\">Plan de trabajo<\/span><\/a><\/center>\t\t\t\t\t\t<\/div>\n\t\t\t\t<\/div>\n\t\t\t\t\t<\/div>\n\t\t<\/div>\n\t\t\t\t<div class=\"elementor-column elementor-col-33 elementor-inner-column elementor-element elementor-element-b4aaec2\" data-id=\"b4aaec2\" data-element_type=\"column\">\n\t\t\t<div class=\"elementor-widget-wrap elementor-element-populated\">\n\t\t\t\t\t\t\t\t<div class=\"elementor-element elementor-element-121c66d elementor-widget elementor-widget-image\" data-id=\"121c66d\" data-element_type=\"widget\" data-widget_type=\"image.default\">\n\t\t\t\t<div class=\"elementor-widget-container\">\n\t\t\t\t\t\t\t\t\t\t\t\t<figure class=\"wp-caption\">\n\t\t\t\t\t\t\t\t\t\t<img src=\"https:\/\/juntadegobierno.uabc.mx\/wp-content\/uploads\/elementor\/thumbs\/foto-scaled-rcmqgv7rapt51v3qaq1tb6tbop7tx7ilfgrye2bwao.jpg\" title=\"foto\" alt=\"foto\" \/>\t\t\t\t\t\t\t\t\t\t\t<figcaption class=\"widget-image-caption wp-caption-text\"><h4>S\u00c1MANO MORALES CARLOS MART\u00cdN<\/h4><\/figcaption>\n\t\t\t\t\t\t\t\t\t\t<\/figure>\n\t\t\t\t\t\t\t\t\t<\/div>\n\t\t\t\t<\/div>\n\t\t\t\t<div class=\"elementor-element elementor-element-e56fd08 elementor-widget elementor-widget-text-editor\" data-id=\"e56fd08\" data-element_type=\"widget\" data-widget_type=\"text-editor.default\">\n\t\t\t\t<div class=\"elementor-widget-container\">\n\t\t\t\t\t\t\t\t<center><br \/><a href=\"https:\/\/drive.google.com\/file\/d\/1PenQYJQOb44jkDnBdRYs0SsJz8zUA3QO\/view?usp=sharing\"><span style=\"color: #3366ff;\"><span style=\"color: #3366ff;\">Curr\u00edculum<\/span><\/span><\/a><center><\/center><center><a href=\"https:\/\/drive.google.com\/file\/d\/1UpR6ysaS2jxHx1AN_OLRC3rquWdBVKSi\/view?usp=sharing\"><span style=\"color: #3366ff;\">Plan de trabajo<\/span><\/a><\/center><\/center>\t\t\t\t\t\t<\/div>\n\t\t\t\t<\/div>\n\t\t\t\t\t<\/div>\n\t\t<\/div>\n\t\t\t\t\t\t\t<\/div>\n\t\t<\/section>\n\t\t\t\t\t<\/div>\n\t\t<\/div>\n\t\t\t\t\t\t\t<\/div>\n\t\t<\/section>\n\t\t\t\t\t\t<\/div>\n\t\t\t\t\t<\/div>\n\t\t","protected":false},"excerpt":{"rendered":"<p>Procesos de Nombramiento de Directores de Unidades Acad\u00e9micas Facultad de Artes, Ensenada Oficio terna Enviar comentarios Registro de auscultaci\u00f3n Terna AMAYA PARRA CHRISTIAN ALEJANDRO Curr\u00edculumPlan de trabajo GONZ\u00c1LEZ LOZANO MAR\u00cdA ESTHER Curr\u00edculumPlan de trabajo S\u00c1MANO MORALES CARLOS MART\u00cdN Curr\u00edculumPlan de trabajo<\/p>\n","protected":false},"author":1,"featured_media":0,"parent":0,"menu_order":0,"comment_status":"closed","ping_status":"closed","template":"","meta":[],"rttpg_featured_image_url":null,"rttpg_author":{"display_name":"admin","author_link":"https:\/\/juntadegobierno.uabc.mx\/?author=1"},"rttpg_comment":0,"rttpg_category":null,"rttpg_excerpt":"Procesos de Nombramiento de Directores de Unidades Acad\u00e9micas Facultad de Artes, Ensenada Oficio terna Enviar comentarios Registro de auscultaci\u00f3n Terna AMAYA PARRA CHRISTIAN ALEJANDRO Curr\u00edculumPlan de trabajo GONZ\u00c1LEZ LOZANO MAR\u00cdA ESTHER Curr\u00edculumPlan de trabajo S\u00c1MANO MORALES CARLOS MART\u00cdN Curr\u00edculumPlan de trabajo","_links":{"self":[{"href":"https:\/\/juntadegobierno.uabc.mx\/index.php?rest_route=\/wp\/v2\/pages\/8407"}],"collection":[{"href":"https:\/\/juntadegobierno.uabc.mx\/index.php?rest_route=\/wp\/v2\/pages"}],"about":[{"href":"https:\/\/juntadegobierno.uabc.mx\/index.php?rest_route=\/wp\/v2\/types\/page"}],"author":[{"embeddable":true,"href":"https:\/\/juntadegobierno.uabc.mx\/index.php?rest_route=\/wp\/v2\/users\/1"}],"replies":[{"embeddable":true,"href":"https:\/\/juntadegobierno.uabc.mx\/index.php?rest_route=%2Fwp%2Fv2%2Fcomments&post=8407"}],"version-history":[{"count":0,"href":"https:\/\/juntadegobierno.uabc.mx\/index.php?rest_route=\/wp\/v2\/pages\/8407\/revisions"}],"wp:attachment":[{"href":"https:\/\/juntadegobierno.uabc.mx\/index.php?rest_route=%2Fwp%2Fv2%2Fmedia&parent=8407"}],"curies":[{"name":"wp","href":"https:\/\/api.w.org\/{rel}","templated":true}]}}